{"id":16192,"date":"2025-11-26T14:58:02","date_gmt":"2025-11-26T12:58:02","guid":{"rendered":"https:\/\/nurm.ee\/?page_id=16192"},"modified":"2025-11-26T15:03:46","modified_gmt":"2025-11-26T13:03:46","slug":"privaatsus","status":"publish","type":"page","link":"https:\/\/nurm.ee\/?page_id=16192","title":{"rendered":"Privaatsus"},"content":{"rendered":"<p>Veebipoe nurm.ee isikuandmete vastutav t\u00f6\u00f6tleja on VILJANDI NURME O\u00dc\u00a0 (registrikood 10120068) asukohaga \u00a0J\u00e4mejala tee 20, Viljandi vald 71024. Telefon +<a href=\"tel:+3724335086\">372 4335086<\/a>\u00a0ja e-kiri info@nurm.ee<\/p>\n<p><strong>Milliseid isikuandmeid t\u00f6\u00f6deldakse<\/strong><\/p>\n<ul>\n<li>nimi, telefoninumber ja e-posti aadress<\/li>\n<li>kauba kohaletoimetamise aadress<\/li>\n<li>pangakonto number<\/li>\n<li>kaupade ja teenuste maksumus ja maksetega seotud andmed (ostuajalugu)<\/li>\n<li>klienditoe andmed<\/li>\n<\/ul>\n<p><strong>Mis eesm\u00e4rgil isikuandmeid t\u00f6\u00f6deldakse<\/strong><br \/>\nIsikuandmeid kasutatakse kliendi tellimuste haldamiseks ja kauba kohaletoimetamiseks.<br \/>\nOstuajaloo andmeid (ostu kuup\u00e4ev, kaup, kogus, kliendi andmed) kasutatakse ostetud kaupade ja teenuste \u00fclevaate koostamiseks, kliendieelistuste anal\u00fc\u00fcsimiseks ning mh tarbijavaidluste lahendamise eesm\u00e4rgil.<\/p>\n<p>Pangakonto numbrit kasutatakse kliendile maksete tagastamiseks.<br \/>\nIsikuandmeid nagu e-post, telefoni nr, kliendi nimi, t\u00f6\u00f6deldakse selleks, et lahendada kaupade ja teenuste osutamise seonduvaid k\u00fcsimusi (klienditugi). E-posti kasutatakse lisaks arvete saatmiseks ning telefoni nr kasutatakse pakiautomaati j\u00f5udnud kauba teavitamiseks.<br \/>\nVeebipoe kasutaja IP-aadressi v\u00f5i teisi v\u00f5rguidentifikaatoreid t\u00f6\u00f6deldakse veebipoe kui info\u00fchiskonna teenuse osutamiseks ning veebikasutusstatistika tegemiseks.<\/p>\n<p><strong>\u00d5iguslik alus<\/strong><br \/>\nIsikuandmete t\u00f6\u00f6tlemine toimub kliendiga s\u00f5lmitud lepingu t\u00e4itmise eesm\u00e4rgil (kliendi tellimuste haldamine, kohaletoimetamine, kauba ja maksete tagastamine).<br \/>\nIsikuandmete t\u00f6\u00f6tlemine toimub seadusj\u00e4rgse kohustuse t\u00e4itmiseks (nt raamatupidamine ja tarbijavaidluste lahendamine).<br \/>\nIsikuandmete t\u00f6\u00f6tlemine on vajalik vastutava t\u00f6\u00f6tleja \u00f5igustatud huvi t\u00f5ttu, mis seisneb v\u00f5imalike tarbijavaidluste lahendamise eesm\u00e4rgil ostuajaloo andmete kogumises.<\/p>\n<p><strong>Vastuv\u00f5tjad, kellele isikuandmed edastatakse<\/strong><\/p>\n<p>Viljandi Nurme O\u00dc edastab maksete teostamiseks vajalikud isikuandmed volitatud t\u00f6\u00f6tleja SWEDBANK AS -le.<\/p>\n<p>Nimi, telefoninumber ja e-posti aadress edastatakse kliendi poolt valitud transporditeenuse pakkujale. Kui tegemist on kulleriga kohale toimetatava kaubaga, siis edastatakse lisaks kontaktandmetele ka kliendi aadress.<br \/>\nKui veebipoe raamatupidamine toimub teenusepakkuja poolt, siis edastatakse isikuandmed teenusepakkujale raamatupidamistoimingute tegemiseks.<br \/>\nIsikuandmeid v\u00f5idakse edastada infotehnoloogia teenuste pakkujatele, kui see on vajalik veebipoe funktsionaalsuse v\u00f5i andmemajutuse tagamiseks.<\/p>\n<p><strong>Turvalisus ja andmetele ligip\u00e4\u00e4s<\/strong><br \/>\nIsikuandmeid hoitakse serverites, mis asuvad Euroopa Liidu liikmesriigi v\u00f5i Euroopa Liidu majanduspiirkonnaga liitunud riikide territooriumil. Andmeid v\u00f5idakse edastada riikidesse, mille andmekaitse taset on Euroopa Komisjon hinnanud piisavaks v\u00f5i kolmanda riigi ettev\u00f5ttele, mille osas on kohaldatud artiklis 46 nimetatud kaitsemeedet.<br \/>\nJuurdep\u00e4\u00e4s isikuandmetele on Viljandi Nurme O\u00dc t\u00f6\u00f6tajatel, kes saavad isikuandmetega tutvuda selleks, et lahendada veebipoe kasutamisega seonduvaid tehnilisi k\u00fcsimusi ning osutada klienditoe teenust.<br \/>\nViljandi Nurme O\u00dc rakendab asjakohaseid f\u00fc\u00fcsilisi, organisatsioonilisi ja infotehnilisi turvameetmeid, et kaitsta isikuandmeid juhusliku v\u00f5i ebaseadusliku h\u00e4vitamise, kaotsimineku, muutmise v\u00f5i loata juurdep\u00e4\u00e4su ja avalikustamise eest.<br \/>\nIsikuandmete edastamine Viljandi Nurme O\u00dc volitatud t\u00f6\u00f6tlejatele (nt transporditeenuse pakkuja ja andmemajutus) toimub Viljandi Nurme O\u00dc ja volitatud t\u00f6\u00f6tlejatega s\u00f5lmitud lepingute alusel. Volitatud t\u00f6\u00f6tlejaid on kohustatud tagama isikuandmete t\u00f6\u00f6tlemisel asjakohased kaitsemeetmed.<\/p>\n<p><strong>Isikuandmetega tutvumine ja parandamine<\/strong><br \/>\nIsikuandmetega saab tutvuda ja teha parandusi saates e-kirja meie klienditeenindusele.<\/p>\n<p><strong>N\u00f5usoleku tagasiv\u00f5tmine<\/strong><br \/>\nKui isikuandmete t\u00f6\u00f6tlemine toimub kliendi n\u00f5usoleku alusel, siis on kliendil \u00f5igus n\u00f5usolek tagasi v\u00f5tta\u00a0 teavitades sellest kliendituge e-posti teel.<\/p>\n<p><strong>S\u00e4ilitamine<\/strong><br \/>\nVeebipoe kliendikonto sulgemisel kustutatakse isikuandmed, va isikuandmed (ostuajaloo andmed), mida on vaja s\u00e4ilitada raamatupidamise jaoks v\u00f5i tarbijavaidluste lahendamiseks. Maksetega ja tarbijavaidlustega seotud vaidluste korral s\u00e4ilitatakse isikuandmed kuni n\u00f5ude<br \/>\nt\u00e4itmiseni v\u00f5i aegumist\u00e4htaja l\u00f5puni. Raamatupidamise algdokumentides sisalduvaid isikuandmeid s\u00e4ilitatakse seitse aastat.<\/p>\n<p><strong>Kustutamine<\/strong><br \/>\nIsikuandmete kustutamiseks tuleb v\u00f5tta \u00fchendust klienditoega e-posti teel. Kustutamistaotlusele vastatakse mitte hiljem kui kuu aja jooksul ning t\u00e4psustakse andmete kustutamise perioodi.<br \/>\nVastuses taotlusele tuuakse ka v\u00e4lja need isikuandmed, mida ei kustuta ning millisel \u00f5iguslikul alusel ja p\u00f5hjusel.<\/p>\n<p><strong>\u00dclekandmine<\/strong><br \/>\nE-posti teel esitatud isikuandmete \u00fclekandmise taotlusele vastatakse hiljemalt kuu aja jooksul.<br \/>\nKlienditugi tuvastab isikusamasuse ja teavitab isikuandmetest, mis kuuluvad \u00fclekandmisele.<\/p>\n<p><strong>Otseturustusteated<\/strong><br \/>\nE-kirja aadressi ja telefoninumbrit kasutatakse otseturundusteadete saatmiseks, kui klient on andnud vastava n\u00f5usoleku. Kui klient ei soovi saada otseturustusteateid, siis tuleb valida e-kirja jaluses vastav viide v\u00f5i v\u00f5tta \u00fchendust klienditoega.<br \/>\nKui isikuandmeid t\u00f6\u00f6deldakse otseturunduse eesm\u00e4rgil (profileerimine), on kliendil \u00f5igus oma isikuandmete nii algse kui ka edasise t\u00f6\u00f6tlemise, sealhulgas otseturundusega seotud profiilianal\u00fc\u00fcsi tegemise suhtes igal ajal vastuv\u00e4iteid esitada teavitades sellest kliendituge e-posti teel.<\/p>\n<p><strong>Vaidluste lahendamine<\/strong><br \/>\nIsikuandmete t\u00f6\u00f6tlemisega seotud vaidluste lahendamine toimub klienditoe vahendusel saates e-kirja aadressile\u00a0pood@nurm.ee\u00a0v\u00f5i helistada telefonil: + <a href=\"tel:+3724335086\">372 4335086<\/a>.<br \/>\nJ\u00e4relevalveasutus on Eesti Andmekaitse Inspektsioon (<a href=\"mailto:info@aki.ee\">info@aki.ee<\/a>).<\/p>\n<p>&nbsp;<\/p>\n","protected":false},"excerpt":{"rendered":"<p>Veebipoe nurm.ee isikuandmete vastutav t\u00f6\u00f6tleja on VILJANDI NURME O\u00dc\u00a0 (registrikood 10120068) asukohaga \u00a0J\u00e4mejala tee 20, Viljandi vald 71024. Telefon +372 4335086\u00a0ja e-kiri info@nurm.ee Milliseid isikuandmeid t\u00f6\u00f6deldakse nimi, telefoninumber ja e-posti aadress kauba kohaletoimetamise aadress pangakonto number kaupade ja teenuste maksumus ja maksetega seotud andmed (ostuajalugu) klienditoe andmed Mis eesm\u00e4rgil isikuandmeid t\u00f6\u00f6deldakse Isikuandmeid kasutatakse kliendi tellimuste [&hellip;]<\/p>\n","protected":false},"author":2,"featured_media":0,"parent":0,"menu_order":0,"comment_status":"closed","ping_status":"closed","template":"","meta":{"footnotes":""},"class_list":["post-16192","page","type-page","status-publish","hentry"],"yoast_head":"<!-- This site is optimized with the Yoast SEO plugin v25.3.1 - https:\/\/yoast.com\/wordpress\/plugins\/seo\/ -->\n<title>Privaatsus - Viljandi Nurme<\/title>\n<meta name=\"robots\" content=\"index, follow, max-snippet:-1, max-image-preview:large, max-video-preview:-1\" \/>\n<link rel=\"canonical\" href=\"https:\/\/nurm.ee\/?page_id=16192\" \/>\n<meta property=\"og:locale\" content=\"et_EE\" \/>\n<meta property=\"og:type\" content=\"article\" \/>\n<meta property=\"og:title\" content=\"Privaatsus - Viljandi Nurme\" \/>\n<meta property=\"og:description\" content=\"Veebipoe nurm.ee isikuandmete vastutav t\u00f6\u00f6tleja on VILJANDI NURME O\u00dc\u00a0 (registrikood 10120068) asukohaga \u00a0J\u00e4mejala tee 20, Viljandi vald 71024. Telefon +372 4335086\u00a0ja e-kiri info@nurm.ee Milliseid isikuandmeid t\u00f6\u00f6deldakse nimi, telefoninumber ja e-posti aadress kauba kohaletoimetamise aadress pangakonto number kaupade ja teenuste maksumus ja maksetega seotud andmed (ostuajalugu) klienditoe andmed Mis eesm\u00e4rgil isikuandmeid t\u00f6\u00f6deldakse Isikuandmeid kasutatakse kliendi tellimuste [&hellip;]\" \/>\n<meta property=\"og:url\" content=\"https:\/\/nurm.ee\/?page_id=16192\" \/>\n<meta property=\"og:site_name\" content=\"Viljandi Nurme\" \/>\n<meta property=\"article:modified_time\" content=\"2025-11-26T13:03:46+00:00\" \/>\n<meta property=\"og:image\" content=\"https:\/\/nurm.ee\/wp-content\/uploads\/2026\/02\/cropped-viljandi-nurme-logo.jpg\" \/>\n\t<meta property=\"og:image:width\" content=\"512\" \/>\n\t<meta property=\"og:image:height\" content=\"512\" \/>\n\t<meta property=\"og:image:type\" content=\"image\/jpeg\" \/>\n<meta name=\"twitter:card\" content=\"summary_large_image\" \/>\n<meta name=\"twitter:label1\" content=\"Est. reading time\" \/>\n\t<meta name=\"twitter:data1\" content=\"4 minutit\" \/>\n<script type=\"application\/ld+json\" class=\"yoast-schema-graph\">{\"@context\":\"https:\/\/schema.org\",\"@graph\":[{\"@type\":\"WebPage\",\"@id\":\"https:\/\/nurm.ee\/?page_id=16192\",\"url\":\"https:\/\/nurm.ee\/?page_id=16192\",\"name\":\"Privaatsus - Viljandi Nurme\",\"isPartOf\":{\"@id\":\"https:\/\/nurm.ee\/#website\"},\"datePublished\":\"2025-11-26T12:58:02+00:00\",\"dateModified\":\"2025-11-26T13:03:46+00:00\",\"breadcrumb\":{\"@id\":\"https:\/\/nurm.ee\/?page_id=16192#breadcrumb\"},\"inLanguage\":\"et\",\"potentialAction\":[{\"@type\":\"ReadAction\",\"target\":[\"https:\/\/nurm.ee\/?page_id=16192\"]}]},{\"@type\":\"BreadcrumbList\",\"@id\":\"https:\/\/nurm.ee\/?page_id=16192#breadcrumb\",\"itemListElement\":[{\"@type\":\"ListItem\",\"position\":1,\"name\":\"Home\",\"item\":\"https:\/\/nurm.ee\/?page_id=9737\"},{\"@type\":\"ListItem\",\"position\":2,\"name\":\"Privaatsus\"}]},{\"@type\":\"WebSite\",\"@id\":\"https:\/\/nurm.ee\/#website\",\"url\":\"https:\/\/nurm.ee\/\",\"name\":\"Viljandi Nurme\",\"description\":\"Viljandi Nurme O\u00dc koduleht\",\"potentialAction\":[{\"@type\":\"SearchAction\",\"target\":{\"@type\":\"EntryPoint\",\"urlTemplate\":\"https:\/\/nurm.ee\/?s={search_term_string}\"},\"query-input\":{\"@type\":\"PropertyValueSpecification\",\"valueRequired\":true,\"valueName\":\"search_term_string\"}}],\"inLanguage\":\"et\"}]}<\/script>\n<!-- \/ Yoast SEO plugin. -->","yoast_head_json":{"title":"Privaatsus - Viljandi Nurme","robots":{"index":"index","follow":"follow","max-snippet":"max-snippet:-1","max-image-preview":"max-image-preview:large","max-video-preview":"max-video-preview:-1"},"canonical":"https:\/\/nurm.ee\/?page_id=16192","og_locale":"et_EE","og_type":"article","og_title":"Privaatsus - Viljandi Nurme","og_description":"Veebipoe nurm.ee isikuandmete vastutav t\u00f6\u00f6tleja on VILJANDI NURME O\u00dc\u00a0 (registrikood 10120068) asukohaga \u00a0J\u00e4mejala tee 20, Viljandi vald 71024. Telefon +372 4335086\u00a0ja e-kiri info@nurm.ee Milliseid isikuandmeid t\u00f6\u00f6deldakse nimi, telefoninumber ja e-posti aadress kauba kohaletoimetamise aadress pangakonto number kaupade ja teenuste maksumus ja maksetega seotud andmed (ostuajalugu) klienditoe andmed Mis eesm\u00e4rgil isikuandmeid t\u00f6\u00f6deldakse Isikuandmeid kasutatakse kliendi tellimuste [&hellip;]","og_url":"https:\/\/nurm.ee\/?page_id=16192","og_site_name":"Viljandi Nurme","article_modified_time":"2025-11-26T13:03:46+00:00","og_image":[{"width":512,"height":512,"url":"https:\/\/nurm.ee\/wp-content\/uploads\/2026\/02\/cropped-viljandi-nurme-logo.jpg","type":"image\/jpeg"}],"twitter_card":"summary_large_image","twitter_misc":{"Est. reading time":"4 minutit"},"schema":{"@context":"https:\/\/schema.org","@graph":[{"@type":"WebPage","@id":"https:\/\/nurm.ee\/?page_id=16192","url":"https:\/\/nurm.ee\/?page_id=16192","name":"Privaatsus - Viljandi Nurme","isPartOf":{"@id":"https:\/\/nurm.ee\/#website"},"datePublished":"2025-11-26T12:58:02+00:00","dateModified":"2025-11-26T13:03:46+00:00","breadcrumb":{"@id":"https:\/\/nurm.ee\/?page_id=16192#breadcrumb"},"inLanguage":"et","potentialAction":[{"@type":"ReadAction","target":["https:\/\/nurm.ee\/?page_id=16192"]}]},{"@type":"BreadcrumbList","@id":"https:\/\/nurm.ee\/?page_id=16192#breadcrumb","itemListElement":[{"@type":"ListItem","position":1,"name":"Home","item":"https:\/\/nurm.ee\/?page_id=9737"},{"@type":"ListItem","position":2,"name":"Privaatsus"}]},{"@type":"WebSite","@id":"https:\/\/nurm.ee\/#website","url":"https:\/\/nurm.ee\/","name":"Viljandi Nurme","description":"Viljandi Nurme O\u00dc koduleht","potentialAction":[{"@type":"SearchAction","target":{"@type":"EntryPoint","urlTemplate":"https:\/\/nurm.ee\/?s={search_term_string}"},"query-input":{"@type":"PropertyValueSpecification","valueRequired":true,"valueName":"search_term_string"}}],"inLanguage":"et"}]}},"_links":{"self":[{"href":"https:\/\/nurm.ee\/index.php?rest_route=\/wp\/v2\/pages\/16192","targetHints":{"allow":["GET"]}}],"collection":[{"href":"https:\/\/nurm.ee\/index.php?rest_route=\/wp\/v2\/pages"}],"about":[{"href":"https:\/\/nurm.ee\/index.php?rest_route=\/wp\/v2\/types\/page"}],"author":[{"embeddable":true,"href":"https:\/\/nurm.ee\/index.php?rest_route=\/wp\/v2\/users\/2"}],"replies":[{"embeddable":true,"href":"https:\/\/nurm.ee\/index.php?rest_route=%2Fwp%2Fv2%2Fcomments&post=16192"}],"version-history":[{"count":3,"href":"https:\/\/nurm.ee\/index.php?rest_route=\/wp\/v2\/pages\/16192\/revisions"}],"predecessor-version":[{"id":16197,"href":"https:\/\/nurm.ee\/index.php?rest_route=\/wp\/v2\/pages\/16192\/revisions\/16197"}],"wp:attachment":[{"href":"https:\/\/nurm.ee\/index.php?rest_route=%2Fwp%2Fv2%2Fmedia&parent=16192"}],"curies":[{"name":"wp","href":"https:\/\/api.w.org\/{rel}","templated":true}]}}