{"id":801,"date":"2017-02-01T17:52:35","date_gmt":"2017-02-01T17:52:35","guid":{"rendered":"http:\/\/viljandinurme.webme.ee\/?page_id=801"},"modified":"2017-04-06T07:45:54","modified_gmt":"2017-04-06T07:45:54","slug":"meist","status":"publish","type":"page","link":"https:\/\/nurm.ee\/?page_id=801","title":{"rendered":"Meist"},"content":{"rendered":"<section  class='av_textblock_section av-av_textblock-0366cc7376be6c9e82a3e9cc8987b64f'  itemscope=\"itemscope\" itemtype=\"https:\/\/schema.org\/CreativeWork\" ><div class='avia_textblock'  itemprop=\"text\" ><p><strong>Keskendume peamiselt Husqvarna, aga ka teiste tootjate metsa-, aia- ja pargihooldusvahendite m\u00fc\u00fcgile ning remondile ja hooldusele. Tegutseme juba alates 1993. aastast ja oleme usaldusv\u00e4\u00e4rseks partneriks nii metsandus- kui haljastusvaldkonnas tegutsevatele ettev\u00f5tetele. Lisaks oleme \u00fcheks suurimaks hobutarvete jae- ja hulgim\u00fc\u00fcjaks Eestis.<\/strong><br \/>\nMeie koolitatud spetsialistid tunnevad eelk\u00f5ige Husqvarna ja Toro tooteid v\u00e4ga p\u00f5hjalikult, kuid loomulikult oleme abiks ka teiste br\u00e4ndide mootorsaagide, muruniidukite ning -traktorite, lumet\u00f5rjet\u00f6\u00f6riistade ja teiste valdkonnas kasutatavate t\u00f6\u00f6riistade hooldamisel ja remontimisel. Soovime alati ajaga kaasas k\u00e4ia, tunneme huvi uute tehniliste lahenduste vastu ning t\u00e4iendame end pidevalt.<br \/>\nSoovime olla ka Sulle heaks koost\u00f6\u00f6partneriks!<\/p>\n<\/div><\/section>\n","protected":false},"excerpt":{"rendered":"","protected":false},"author":1,"featured_media":0,"parent":0,"menu_order":0,"comment_status":"closed","ping_status":"closed","template":"","meta":{"footnotes":""},"class_list":["post-801","page","type-page","status-publish","hentry"],"yoast_head":"<!-- This site is optimized with the Yoast SEO plugin v25.3.1 - https:\/\/yoast.com\/wordpress\/plugins\/seo\/ -->\n<title>Meist - Viljandi Nurme<\/title>\n<meta name=\"robots\" content=\"index, follow, max-snippet:-1, max-image-preview:large, max-video-preview:-1\" \/>\n<link rel=\"canonical\" href=\"https:\/\/nurm.ee\/?page_id=801\" \/>\n<meta property=\"og:locale\" content=\"et_EE\" \/>\n<meta property=\"og:type\" content=\"article\" \/>\n<meta property=\"og:title\" content=\"Meist - Viljandi Nurme\" \/>\n<meta property=\"og:url\" content=\"https:\/\/nurm.ee\/?page_id=801\" \/>\n<meta property=\"og:site_name\" content=\"Viljandi Nurme\" \/>\n<meta property=\"article:modified_time\" content=\"2017-04-06T07:45:54+00:00\" \/>\n<meta property=\"og:image\" content=\"https:\/\/nurm.ee\/wp-content\/uploads\/2026\/02\/cropped-viljandi-nurme-logo.jpg\" \/>\n\t<meta property=\"og:image:width\" content=\"512\" \/>\n\t<meta property=\"og:image:height\" content=\"512\" \/>\n\t<meta property=\"og:image:type\" content=\"image\/jpeg\" \/>\n<meta name=\"twitter:card\" content=\"summary_large_image\" \/>\n<meta name=\"twitter:label1\" content=\"Est. reading time\" \/>\n\t<meta name=\"twitter:data1\" content=\"1 minut\" \/>\n<script type=\"application\/ld+json\" class=\"yoast-schema-graph\">{\"@context\":\"https:\/\/schema.org\",\"@graph\":[{\"@type\":\"WebPage\",\"@id\":\"https:\/\/nurm.ee\/?page_id=801\",\"url\":\"https:\/\/nurm.ee\/?page_id=801\",\"name\":\"Meist - Viljandi Nurme\",\"isPartOf\":{\"@id\":\"https:\/\/nurm.ee\/#website\"},\"datePublished\":\"2017-02-01T17:52:35+00:00\",\"dateModified\":\"2017-04-06T07:45:54+00:00\",\"breadcrumb\":{\"@id\":\"https:\/\/nurm.ee\/?page_id=801#breadcrumb\"},\"inLanguage\":\"et\",\"potentialAction\":[{\"@type\":\"ReadAction\",\"target\":[\"https:\/\/nurm.ee\/?page_id=801\"]}]},{\"@type\":\"BreadcrumbList\",\"@id\":\"https:\/\/nurm.ee\/?page_id=801#breadcrumb\",\"itemListElement\":[{\"@type\":\"ListItem\",\"position\":1,\"name\":\"Home\",\"item\":\"https:\/\/nurm.ee\/?page_id=9737\"},{\"@type\":\"ListItem\",\"position\":2,\"name\":\"Meist\"}]},{\"@type\":\"WebSite\",\"@id\":\"https:\/\/nurm.ee\/#website\",\"url\":\"https:\/\/nurm.ee\/\",\"name\":\"Viljandi Nurme\",\"description\":\"Viljandi Nurme O\u00dc koduleht\",\"potentialAction\":[{\"@type\":\"SearchAction\",\"target\":{\"@type\":\"EntryPoint\",\"urlTemplate\":\"https:\/\/nurm.ee\/?s={search_term_string}\"},\"query-input\":{\"@type\":\"PropertyValueSpecification\",\"valueRequired\":true,\"valueName\":\"search_term_string\"}}],\"inLanguage\":\"et\"}]}<\/script>\n<!-- \/ Yoast SEO plugin. -->","yoast_head_json":{"title":"Meist - Viljandi Nurme","robots":{"index":"index","follow":"follow","max-snippet":"max-snippet:-1","max-image-preview":"max-image-preview:large","max-video-preview":"max-video-preview:-1"},"canonical":"https:\/\/nurm.ee\/?page_id=801","og_locale":"et_EE","og_type":"article","og_title":"Meist - Viljandi Nurme","og_url":"https:\/\/nurm.ee\/?page_id=801","og_site_name":"Viljandi Nurme","article_modified_time":"2017-04-06T07:45:54+00:00","og_image":[{"width":512,"height":512,"url":"https:\/\/nurm.ee\/wp-content\/uploads\/2026\/02\/cropped-viljandi-nurme-logo.jpg","type":"image\/jpeg"}],"twitter_card":"summary_large_image","twitter_misc":{"Est. reading time":"1 minut"},"schema":{"@context":"https:\/\/schema.org","@graph":[{"@type":"WebPage","@id":"https:\/\/nurm.ee\/?page_id=801","url":"https:\/\/nurm.ee\/?page_id=801","name":"Meist - Viljandi Nurme","isPartOf":{"@id":"https:\/\/nurm.ee\/#website"},"datePublished":"2017-02-01T17:52:35+00:00","dateModified":"2017-04-06T07:45:54+00:00","breadcrumb":{"@id":"https:\/\/nurm.ee\/?page_id=801#breadcrumb"},"inLanguage":"et","potentialAction":[{"@type":"ReadAction","target":["https:\/\/nurm.ee\/?page_id=801"]}]},{"@type":"BreadcrumbList","@id":"https:\/\/nurm.ee\/?page_id=801#breadcrumb","itemListElement":[{"@type":"ListItem","position":1,"name":"Home","item":"https:\/\/nurm.ee\/?page_id=9737"},{"@type":"ListItem","position":2,"name":"Meist"}]},{"@type":"WebSite","@id":"https:\/\/nurm.ee\/#website","url":"https:\/\/nurm.ee\/","name":"Viljandi Nurme","description":"Viljandi Nurme O\u00dc koduleht","potentialAction":[{"@type":"SearchAction","target":{"@type":"EntryPoint","urlTemplate":"https:\/\/nurm.ee\/?s={search_term_string}"},"query-input":{"@type":"PropertyValueSpecification","valueRequired":true,"valueName":"search_term_string"}}],"inLanguage":"et"}]}},"_links":{"self":[{"href":"https:\/\/nurm.ee\/index.php?rest_route=\/wp\/v2\/pages\/801","targetHints":{"allow":["GET"]}}],"collection":[{"href":"https:\/\/nurm.ee\/index.php?rest_route=\/wp\/v2\/pages"}],"about":[{"href":"https:\/\/nurm.ee\/index.php?rest_route=\/wp\/v2\/types\/page"}],"author":[{"embeddable":true,"href":"https:\/\/nurm.ee\/index.php?rest_route=\/wp\/v2\/users\/1"}],"replies":[{"embeddable":true,"href":"https:\/\/nurm.ee\/index.php?rest_route=%2Fwp%2Fv2%2Fcomments&post=801"}],"version-history":[{"count":5,"href":"https:\/\/nurm.ee\/index.php?rest_route=\/wp\/v2\/pages\/801\/revisions"}],"predecessor-version":[{"id":16175,"href":"https:\/\/nurm.ee\/index.php?rest_route=\/wp\/v2\/pages\/801\/revisions\/16175"}],"wp:attachment":[{"href":"https:\/\/nurm.ee\/index.php?rest_route=%2Fwp%2Fv2%2Fmedia&parent=801"}],"curies":[{"name":"wp","href":"https:\/\/api.w.org\/{rel}","templated":true}]}}